{"id":9232,"date":"2024-08-14T09:58:10","date_gmt":"2024-08-14T07:58:10","guid":{"rendered":"https:\/\/mienart.de\/?page_id=9232"},"modified":"2026-02-24T11:53:45","modified_gmt":"2026-02-24T10:53:45","slug":"allgemeine-geschaeftsbedingungen","status":"publish","type":"page","link":"https:\/\/mienart.de\/?page_id=9232","title":{"rendered":"Allgemeine Gesch\u00e4ftsbedingungen"},"content":{"rendered":"\t\t<div data-elementor-type=\"wp-page\" data-elementor-id=\"9232\" class=\"elementor elementor-9232\" data-elementor-post-type=\"page\">\n\t\t\t\t<div class=\"elementor-element elementor-element-6d7b9c8 e-flex e-con-boxed e-con e-parent\" data-id=\"6d7b9c8\" data-element_type=\"container\" data-e-type=\"container\">\n\t\t\t\t\t<div class=\"e-con-inner\">\n\t\t\t\t<div class=\"elementor-element elementor-element-5ef78ba elementor-widget-divider--view-line elementor-widget elementor-widget-divider\" data-id=\"5ef78ba\" data-element_type=\"widget\" data-e-type=\"widget\" data-widget_type=\"divider.default\">\n\t\t\t\t<div class=\"elementor-widget-container\">\n\t\t\t\t\t\t\t<div class=\"elementor-divider\">\n\t\t\t<span class=\"elementor-divider-separator\">\n\t\t\t\t\t\t<\/span>\n\t\t<\/div>\n\t\t\t\t\t\t<\/div>\n\t\t\t\t<\/div>\n\t\t\t\t\t<\/div>\n\t\t\t\t<\/div>\n\t\t<div class=\"elementor-element elementor-element-5b7a00a e-flex e-con-boxed e-con e-parent\" data-id=\"5b7a00a\" data-element_type=\"container\" data-e-type=\"container\">\n\t\t\t\t\t<div class=\"e-con-inner\">\n\t\t\t\t<div class=\"elementor-element elementor-element-46dd798 elementor-widget__width-inherit elementor-widget elementor-widget-heading\" data-id=\"46dd798\" data-element_type=\"widget\" data-e-type=\"widget\" data-widget_type=\"heading.default\">\n\t\t\t\t<div class=\"elementor-widget-container\">\n\t\t\t\t\t<h2 class=\"elementor-heading-title elementor-size-default\">Allgemeine Gesch\u00e4ftsbedingungen<\/h2>\t\t\t\t<\/div>\n\t\t\t\t<\/div>\n\t\t\t\t\t<\/div>\n\t\t\t\t<\/div>\n\t\t<div class=\"elementor-element elementor-element-06f4c34 e-flex e-con-boxed e-con e-parent\" data-id=\"06f4c34\" data-element_type=\"container\" data-e-type=\"container\">\n\t\t\t\t\t<div class=\"e-con-inner\">\n\t\t\t\t<div class=\"elementor-element elementor-element-5ad0fa9 elementor-widget elementor-widget-text-editor\" data-id=\"5ad0fa9\" data-element_type=\"widget\" data-e-type=\"widget\" data-widget_type=\"text-editor.default\">\n\t\t\t\t<div class=\"elementor-widget-container\">\n\t\t\t\t\t\t\t\t\t<p><b>1. Geltungsbereich<\/b><o:p><\/o:p><\/p>\n<p>Diese Allgemeinen Gesch\u00e4ftsbedingungen (AGB) gelten f\u00fcr alle Vertr\u00e4ge, die zwischen dem Katzenparadies-Hachmann, Auweg 2, 25355 Bevern&nbsp;(nachfolgend \u201cKatzenparadies-Hachmann\u201d) und den Kunden abgeschlossen werden.<o:p><\/o:p><\/p>\n<p><b>2. Vertragsgegenstand<\/b><o:p><\/o:p><\/p>\n<p>Das Katzenparadies-Hachmann bietet die Betreuung und Pflege von Katzen an. Die genauen Leistungen und Preise sind auf der Website www.Katzenparadies-hachmann beschrieben.<o:p><\/o:p><\/p>\n<p><b>3. Vertragsschluss<\/b><o:p><\/o:p><\/p>\n<p>Der Vertrag kommt zustande, indem der Kunde bei der Abgabe seiner Katze\/n das Buchungsformular bei der \u00dcbergabe unterschreibt und die Mitarbeiter des Katzenparadies-Hachmann die Katze in Empfang nehmen.<o:p><\/o:p><\/p>\n<p><b>4. Preise und Zahlungsbedingungen<\/b><o:p><\/o:p><\/p>\n<p>Die Preise f\u00fcr die Betreuung und Pflege der Katzen sind auf der Website angegeben. Die Zahlung erfolgt bei Abholung der Katze in bar, per Karte oder \u00dcberweisung.&nbsp;<\/p>\n<p><b style=\"text-align: var(--text-align); font-size: 1rem;\">5. Pflichten des Kunden<\/b><\/p>\n<p>Der Kunde versichert, dass seine Katze\/n in einem einwandfreien Gesundheitszustand und frei von Parasiten ist\/sind. Der Impfpass&nbsp;muss bei der Abgabe der Katze vorgelegt werden und verbleibt bis zur Abholung&nbsp;im Katzenparadies-Hachmann.&nbsp;<o:p><\/o:p><span style=\"text-align: var(--text-align); font-size: 1rem;\">Sollten die vorgenannten Voraussetzungen entgegen der Versicherung des Kunden nicht vorliegen und sollte hierdurch ein Schaden verursacht werden, verpflichtet sich der Kunde, die der Katzenpension entstandenen Sch\u00e4den zu ersetzen und die Katzenpension von allen Schadensersatzanspr\u00fcchen Dritter im Zusammenhang mit den entstandenen Sch\u00e4den freizustellen.<\/span><\/p>\n<p>Es k\u00f6nnen nur geimpfte und kastrierte Katzen aufgenommen werden. Der Impfpass muss immer mitgebracht werden und verbleibt bis zur Abholung in der Katzenpension.<br>Bei Erkrankung einer Katze wird unser Tierarzt die n\u00f6tigen Untersuchungen sowie medizinische Ma\u00dfnahmen vornehmen. Die Kosten hierf\u00fcr hat der Katzenhalter zu tragen und bei Abholung der Katze\/n vor Ort zu bezahlen.&nbsp;F\u00fcr Krankheiten, gleich welcher Art, wird keine Haftung \u00fcbernommen werden.&nbsp;Im Falle eines Ablebens ist die Verwahrung des Tieres nicht geschuldet. Die Pension ist berechtigt, \u00fcber den Verbleib zu entscheiden.<br>Dem Kunden ist bekannt, dass die Katzen in der Regel in Gruppenhaltung gehalten werden, es sei denn, der Kunde w\u00fcnscht ausdr\u00fccklich eine Einzelhaltung. Dem Kunden ist bekannt, dass im Rahmen der Gruppenhaltung weder die Futtermenge, noch die Fl\u00fcssigkeitsaufnahme einer Katze in der Gruppe von der Katzenpension kontrolliert werden kann, so dass die Katzenpension bei Gewichtsabnahme bzw. -zunahme oder eines entstehenden Fl\u00fcssigkeitsdefizits in keinem Fall haftbar gemacht werden kann. Es wird keine Haftung \u00fcbernommen f\u00fcr das Entlaufen, Vertauschen, bei Krankheit, Verletzung oder Tod einer Katze.<\/p>\n<div>\n<p><b style=\"text-align: var(--text-align); font-size: 1rem;\">6. Haftung<\/b><br><\/p>\n<p>Eine Haftung f\u00fcr Krankheiten, Verletzungen oder den Tod der Katze wird ausgeschlossen, es sei denn, diese sind auf grobe Fahrl\u00e4ssigkeit oder Vorsatz des Katzenparadies-Hachmann zur\u00fcckzuf\u00fchren.&nbsp;<o:p><\/o:p><span style=\"text-align: var(--text-align); font-size: 1rem;\">Zu Schadenersatz, gleich aus welchem Rechtsgrund, ist die Katzenpension nur verpflichtet, wenn ihr bzw. deren Erf\u00fcllungsgehilfen Vorsatz oder grobe Fahrl\u00e4ssigkeit zur Last gelegt werden kann. In diesem Fall ist die Haftung auf die H\u00f6he des bezahlten Pensionspreises begrenzt. Eine weitere Haftung ist ausgeschlossen. Im Falle h\u00f6herer Gewalt ist ein Schadenersatz grunds\u00e4tzlich ausgeschlossen.<\/span><\/p>\n<p>M\u00fcndliche Abreden zu den vorgenannten Gesch\u00e4ftsbedingungen haben keine G\u00fcltigkeit. \u00c4nderungen und Erg\u00e4nzungen bed\u00fcrfen der Schriftform. Mit dem Abschluss des Pensionsvertrages werden diese Gesch\u00e4ftsbedingungen anerkannt und anders lautende Gesch\u00e4ftsbedingungen der Vertragsparteien gegenstandslos.<br><br><\/p>\n<p><b>7. Datenschutz<\/b><o:p><\/o:p><\/p>\n<p>Das Katzenparadies-Hachmann erhebt, speichert und&nbsp;verarbeitet personenbezogene Daten des Kunden ausschlie\u00dflich zur&nbsp;Vertragsabwicklung und gem\u00e4\u00df den Bestimmungen der Datenschutz-Grundverordnung&nbsp;(DSGVO). Weitere Informationen finden Sie in unserer Datenschutzerkl\u00e4rung auf&nbsp;der Website.<o:p><\/o:p><\/p>\n<p><b>8. Schlussbestimmungen<\/b><o:p><\/o:p><\/p>\n<p>\u00c4nderungen und Erg\u00e4nzungen dieser AGB bed\u00fcrfen der&nbsp;Schriftform. Sollten einzelne Bestimmungen dieser AGB unwirksam sein, so bleibt<br>die Wirksamkeit der \u00fcbrigen Bestimmungen unber\u00fchrt. Erf\u00fcllungsort ist 25355 Bevern und&nbsp;Gerichtsstand ist Elmshorn.<o:p><\/o:p><\/p>\n<\/div>\t\t\t\t\t\t\t\t<\/div>\n\t\t\t\t<\/div>\n\t\t\t\t\t<\/div>\n\t\t\t\t<\/div>\n\t\t<div class=\"elementor-element elementor-element-1f0aea7 e-flex e-con-boxed e-con e-parent\" data-id=\"1f0aea7\" data-element_type=\"container\" data-e-type=\"container\">\n\t\t\t\t\t<div class=\"e-con-inner\">\n\t\t\t\t<div class=\"elementor-element elementor-element-248503e elementor-widget-divider--separator-type-pattern elementor-widget-divider--view-line elementor-widget elementor-widget-divider\" data-id=\"248503e\" data-element_type=\"widget\" data-e-type=\"widget\" data-widget_type=\"divider.default\">\n\t\t\t\t<div class=\"elementor-widget-container\">\n\t\t\t\t\t\t\t<div class=\"elementor-divider\" style=\"--divider-pattern-url: url(&quot;data:image\/svg+xml,%3Csvg xmlns=&#039;http:\/\/www.w3.org\/2000\/svg&#039; preserveAspectRatio=&#039;none&#039; overflow=&#039;visible&#039; height=&#039;100%&#039; viewBox=&#039;0 0 24 24&#039; fill=&#039;none&#039; stroke=&#039;black&#039; stroke-width=&#039;1&#039; stroke-linecap=&#039;square&#039; stroke-miterlimit=&#039;10&#039;%3E%3Cpath d=&#039;M0,6c6,0,6,13,12,13S18,6,24,6&#039;\/%3E%3C\/svg%3E&quot;);\">\n\t\t\t<span class=\"elementor-divider-separator\">\n\t\t\t\t\t\t<\/span>\n\t\t<\/div>\n\t\t\t\t\t\t<\/div>\n\t\t\t\t<\/div>\n\t\t\t\t\t<\/div>\n\t\t\t\t<\/div>\n\t\t\t\t<\/div>\n\t\t","protected":false},"excerpt":{"rendered":"<p>Allgemeine Gesch\u00e4ftsbedingungen 1. Geltungsbereich Diese Allgemeinen Gesch\u00e4ftsbedingungen (AGB) gelten f\u00fcr alle Vertr\u00e4ge, die zwischen dem Katzenparadies-Hachmann, Auweg 2, 25355 Bevern&nbsp;(nachfolgend \u201cKatzenparadies-Hachmann\u201d) und den Kunden abgeschlossen werden. 2. Vertragsgegenstand Das Katzenparadies-Hachmann bietet die Betreuung und Pflege von Katzen an. Die genauen Leistungen und Preise sind auf der Website www.Katzenparadies-hachmann beschrieben. 3. Vertragsschluss Der Vertrag kommt zustande, [&hellip;]<\/p>\n","protected":false},"author":1,"featured_media":0,"parent":0,"menu_order":0,"comment_status":"closed","ping_status":"closed","template":"elementor_header_footer","meta":{"footnotes":""},"class_list":["post-9232","page","type-page","status-publish","hentry"],"yoast_head":"<!-- This site is optimized with the Yoast SEO plugin v27.4 - https:\/\/yoast.com\/product\/yoast-seo-wordpress\/ -->\n<title>Allgemeine Gesch\u00e4ftsbedingungen &#8212; Katzenparadies-Hachmann %Pferdeportraits in \u00d6l<\/title>\n<meta name=\"description\" content=\"Portrait- und Tiermalerei direkt vom K\u00fcnstler Thomas Ketels, der als Mienart seit Jahren n\u00f6rdlich Hamburgs arbeitet.\" \/>\n<meta name=\"robots\" content=\"noindex, follow, max-snippet:-1, max-image-preview:large, max-video-preview:-1\" \/>\n<meta property=\"og:locale\" content=\"de_DE\" \/>\n<meta property=\"og:type\" content=\"article\" \/>\n<meta property=\"og:title\" content=\"Allgemeine Gesch\u00e4ftsbedingungen &#8212; Katzenparadies-Hachmann %Pferdeportraits in \u00d6l\" \/>\n<meta property=\"og:description\" content=\"Portrait- und Tiermalerei direkt vom K\u00fcnstler Thomas Ketels, der als Mienart seit Jahren n\u00f6rdlich Hamburgs arbeitet.\" \/>\n<meta property=\"og:url\" content=\"https:\/\/mienart.de\/?page_id=9232\" \/>\n<meta property=\"og:site_name\" content=\"Katzenparadies-Hachmann\" \/>\n<meta property=\"article:publisher\" content=\"https:\/\/www.facebook.com\/mienart\" \/>\n<meta property=\"article:modified_time\" content=\"2026-02-24T10:53:45+00:00\" \/>\n<meta name=\"twitter:card\" content=\"summary_large_image\" \/>\n<meta name=\"twitter:label1\" content=\"Gesch\u00e4tzte Lesezeit\" \/>\n\t<meta name=\"twitter:data1\" content=\"3\u00a0Minuten\" \/>\n<script type=\"application\/ld+json\" class=\"yoast-schema-graph\">{\"@context\":\"https:\\\/\\\/schema.org\",\"@graph\":[{\"@type\":\"WebPage\",\"@id\":\"https:\\\/\\\/mienart.de\\\/?page_id=9232\",\"url\":\"https:\\\/\\\/mienart.de\\\/?page_id=9232\",\"name\":\"Allgemeine Gesch\u00e4ftsbedingungen &#8212; Katzenparadies-Hachmann %Pferdeportraits in \u00d6l\",\"isPartOf\":{\"@id\":\"https:\\\/\\\/mienart.de\\\/#website\"},\"datePublished\":\"2024-08-14T07:58:10+00:00\",\"dateModified\":\"2026-02-24T10:53:45+00:00\",\"description\":\"Portrait- und Tiermalerei direkt vom K\u00fcnstler Thomas Ketels, der als Mienart seit Jahren n\u00f6rdlich Hamburgs arbeitet.\",\"breadcrumb\":{\"@id\":\"https:\\\/\\\/mienart.de\\\/?page_id=9232#breadcrumb\"},\"inLanguage\":\"de\",\"potentialAction\":[{\"@type\":\"ReadAction\",\"target\":[\"https:\\\/\\\/mienart.de\\\/?page_id=9232\"]}]},{\"@type\":\"BreadcrumbList\",\"@id\":\"https:\\\/\\\/mienart.de\\\/?page_id=9232#breadcrumb\",\"itemListElement\":[{\"@type\":\"ListItem\",\"position\":1,\"name\":\"Startseite\",\"item\":\"https:\\\/\\\/mienart.de\\\/\"},{\"@type\":\"ListItem\",\"position\":2,\"name\":\"Allgemeine Gesch\u00e4ftsbedingungen\"}]},{\"@type\":\"WebSite\",\"@id\":\"https:\\\/\\\/mienart.de\\\/#website\",\"url\":\"https:\\\/\\\/mienart.de\\\/\",\"name\":\"Katzenparadies-Hachmann\",\"description\":\"Ihre Katzenpension n\u00f6rdlich Hamburgs\",\"publisher\":{\"@id\":\"https:\\\/\\\/mienart.de\\\/#\\\/schema\\\/person\\\/3f7657ccaa90d026faefaabf5aa0858d\"},\"potentialAction\":[{\"@type\":\"SearchAction\",\"target\":{\"@type\":\"EntryPoint\",\"urlTemplate\":\"https:\\\/\\\/mienart.de\\\/?s={search_term_string}\"},\"query-input\":{\"@type\":\"PropertyValueSpecification\",\"valueRequired\":true,\"valueName\":\"search_term_string\"}}],\"inLanguage\":\"de\"},{\"@type\":[\"Person\",\"Organization\"],\"@id\":\"https:\\\/\\\/mienart.de\\\/#\\\/schema\\\/person\\\/3f7657ccaa90d026faefaabf5aa0858d\",\"name\":\"ThomasKetels\",\"image\":{\"@type\":\"ImageObject\",\"inLanguage\":\"de\",\"@id\":\"https:\\\/\\\/mienart.de\\\/wp-content\\\/uploads\\\/2022\\\/06\\\/Mienart.jpg\",\"url\":\"https:\\\/\\\/mienart.de\\\/wp-content\\\/uploads\\\/2022\\\/06\\\/Mienart.jpg\",\"contentUrl\":\"https:\\\/\\\/mienart.de\\\/wp-content\\\/uploads\\\/2022\\\/06\\\/Mienart.jpg\",\"width\":650,\"height\":656,\"caption\":\"ThomasKetels\"},\"logo\":{\"@id\":\"https:\\\/\\\/mienart.de\\\/wp-content\\\/uploads\\\/2022\\\/06\\\/Mienart.jpg\"},\"sameAs\":[\"https:\\\/\\\/www.facebook.com\\\/mienart\",\"https:\\\/\\\/www.instagram.com\\\/ketels.thomas\\\/\"]}]}<\/script>\n<!-- \/ Yoast SEO plugin. -->","yoast_head_json":{"title":"Allgemeine Gesch\u00e4ftsbedingungen &#8212; Katzenparadies-Hachmann %Pferdeportraits in \u00d6l","description":"Portrait- und Tiermalerei direkt vom K\u00fcnstler Thomas Ketels, der als Mienart seit Jahren n\u00f6rdlich Hamburgs arbeitet.","robots":{"index":"noindex","follow":"follow","max-snippet":"max-snippet:-1","max-image-preview":"max-image-preview:large","max-video-preview":"max-video-preview:-1"},"og_locale":"de_DE","og_type":"article","og_title":"Allgemeine Gesch\u00e4ftsbedingungen &#8212; Katzenparadies-Hachmann %Pferdeportraits in \u00d6l","og_description":"Portrait- und Tiermalerei direkt vom K\u00fcnstler Thomas Ketels, der als Mienart seit Jahren n\u00f6rdlich Hamburgs arbeitet.","og_url":"https:\/\/mienart.de\/?page_id=9232","og_site_name":"Katzenparadies-Hachmann","article_publisher":"https:\/\/www.facebook.com\/mienart","article_modified_time":"2026-02-24T10:53:45+00:00","twitter_card":"summary_large_image","twitter_misc":{"Gesch\u00e4tzte Lesezeit":"3\u00a0Minuten"},"schema":{"@context":"https:\/\/schema.org","@graph":[{"@type":"WebPage","@id":"https:\/\/mienart.de\/?page_id=9232","url":"https:\/\/mienart.de\/?page_id=9232","name":"Allgemeine Gesch\u00e4ftsbedingungen &#8212; Katzenparadies-Hachmann %Pferdeportraits in \u00d6l","isPartOf":{"@id":"https:\/\/mienart.de\/#website"},"datePublished":"2024-08-14T07:58:10+00:00","dateModified":"2026-02-24T10:53:45+00:00","description":"Portrait- und Tiermalerei direkt vom K\u00fcnstler Thomas Ketels, der als Mienart seit Jahren n\u00f6rdlich Hamburgs arbeitet.","breadcrumb":{"@id":"https:\/\/mienart.de\/?page_id=9232#breadcrumb"},"inLanguage":"de","potentialAction":[{"@type":"ReadAction","target":["https:\/\/mienart.de\/?page_id=9232"]}]},{"@type":"BreadcrumbList","@id":"https:\/\/mienart.de\/?page_id=9232#breadcrumb","itemListElement":[{"@type":"ListItem","position":1,"name":"Startseite","item":"https:\/\/mienart.de\/"},{"@type":"ListItem","position":2,"name":"Allgemeine Gesch\u00e4ftsbedingungen"}]},{"@type":"WebSite","@id":"https:\/\/mienart.de\/#website","url":"https:\/\/mienart.de\/","name":"Katzenparadies-Hachmann","description":"Ihre Katzenpension n\u00f6rdlich Hamburgs","publisher":{"@id":"https:\/\/mienart.de\/#\/schema\/person\/3f7657ccaa90d026faefaabf5aa0858d"},"potentialAction":[{"@type":"SearchAction","target":{"@type":"EntryPoint","urlTemplate":"https:\/\/mienart.de\/?s={search_term_string}"},"query-input":{"@type":"PropertyValueSpecification","valueRequired":true,"valueName":"search_term_string"}}],"inLanguage":"de"},{"@type":["Person","Organization"],"@id":"https:\/\/mienart.de\/#\/schema\/person\/3f7657ccaa90d026faefaabf5aa0858d","name":"ThomasKetels","image":{"@type":"ImageObject","inLanguage":"de","@id":"https:\/\/mienart.de\/wp-content\/uploads\/2022\/06\/Mienart.jpg","url":"https:\/\/mienart.de\/wp-content\/uploads\/2022\/06\/Mienart.jpg","contentUrl":"https:\/\/mienart.de\/wp-content\/uploads\/2022\/06\/Mienart.jpg","width":650,"height":656,"caption":"ThomasKetels"},"logo":{"@id":"https:\/\/mienart.de\/wp-content\/uploads\/2022\/06\/Mienart.jpg"},"sameAs":["https:\/\/www.facebook.com\/mienart","https:\/\/www.instagram.com\/ketels.thomas\/"]}]}},"_links":{"self":[{"href":"https:\/\/mienart.de\/index.php?rest_route=\/wp\/v2\/pages\/9232","targetHints":{"allow":["GET"]}}],"collection":[{"href":"https:\/\/mienart.de\/index.php?rest_route=\/wp\/v2\/pages"}],"about":[{"href":"https:\/\/mienart.de\/index.php?rest_route=\/wp\/v2\/types\/page"}],"author":[{"embeddable":true,"href":"https:\/\/mienart.de\/index.php?rest_route=\/wp\/v2\/users\/1"}],"replies":[{"embeddable":true,"href":"https:\/\/mienart.de\/index.php?rest_route=%2Fwp%2Fv2%2Fcomments&post=9232"}],"version-history":[{"count":133,"href":"https:\/\/mienart.de\/index.php?rest_route=\/wp\/v2\/pages\/9232\/revisions"}],"predecessor-version":[{"id":13512,"href":"https:\/\/mienart.de\/index.php?rest_route=\/wp\/v2\/pages\/9232\/revisions\/13512"}],"wp:attachment":[{"href":"https:\/\/mienart.de\/index.php?rest_route=%2Fwp%2Fv2%2Fmedia&parent=9232"}],"curies":[{"name":"wp","href":"https:\/\/api.w.org\/{rel}","templated":true}]}}