{"id":9118,"date":"2024-08-13T13:39:45","date_gmt":"2024-08-13T11:39:45","guid":{"rendered":"https:\/\/mienart.de\/?page_id=9118"},"modified":"2026-03-29T20:11:08","modified_gmt":"2026-03-29T18:11:08","slug":"service","status":"publish","type":"page","link":"https:\/\/mienart.de\/?page_id=9118","title":{"rendered":"Service"},"content":{"rendered":"\t\t<div data-elementor-type=\"wp-page\" data-elementor-id=\"9118\" class=\"elementor elementor-9118\" data-elementor-post-type=\"page\">\n\t\t\t\t<div class=\"elementor-element elementor-element-063af23 e-flex e-con-boxed e-con e-parent\" data-id=\"063af23\" data-element_type=\"container\" data-e-type=\"container\" data-settings=\"{&quot;background_background&quot;:&quot;classic&quot;}\">\n\t\t\t\t\t<div class=\"e-con-inner\">\n\t\t\t\t<div class=\"elementor-element elementor-element-e616f0f elementor-widget__width-initial elementor-nav-menu--dropdown-tablet elementor-nav-menu__text-align-aside elementor-nav-menu--toggle elementor-nav-menu--burger elementor-widget elementor-widget-nav-menu\" data-id=\"e616f0f\" data-element_type=\"widget\" data-e-type=\"widget\" data-settings=\"{&quot;layout&quot;:&quot;horizontal&quot;,&quot;submenu_icon&quot;:{&quot;value&quot;:&quot;&lt;i class=\\&quot;fas fa-caret-down\\&quot; aria-hidden=\\&quot;true\\&quot;&gt;&lt;\\\/i&gt;&quot;,&quot;library&quot;:&quot;fa-solid&quot;},&quot;toggle&quot;:&quot;burger&quot;}\" data-widget_type=\"nav-menu.default\">\n\t\t\t\t<div class=\"elementor-widget-container\">\n\t\t\t\t\t\t\t\t<nav aria-label=\"Men\u00fc\" class=\"elementor-nav-menu--main elementor-nav-menu__container elementor-nav-menu--layout-horizontal e--pointer-background e--animation-sweep-up\">\n\t\t\t\t<ul id=\"menu-1-e616f0f\" class=\"elementor-nav-menu\"><li class=\"menu-item menu-item-type-post_type menu-item-object-page menu-item-home menu-item-14176\"><a href=\"https:\/\/mienart.de\/\" class=\"elementor-item\">Startseite<\/a><\/li>\n<li class=\"menu-item menu-item-type-post_type menu-item-object-page menu-item-9243\"><a href=\"https:\/\/mienart.de\/?page_id=9118\" class=\"elementor-item\">Service<\/a><\/li>\n<li class=\"menu-item menu-item-type-custom menu-item-object-custom menu-item-13679\"><a href=\"#Kontakt\" class=\"elementor-item elementor-item-anchor\">Kontakt<\/a><\/li>\n<li class=\"menu-item menu-item-type-post_type menu-item-object-page menu-item-14396\"><a href=\"https:\/\/mienart.de\/?page_id=10118\" class=\"elementor-item\">Preisliste<\/a><\/li>\n<\/ul>\t\t\t<\/nav>\n\t\t\t\t\t<div class=\"elementor-menu-toggle\" role=\"button\" tabindex=\"0\" aria-label=\"Men\u00fc Umschalter\" aria-expanded=\"false\">\n\t\t\t<i aria-hidden=\"true\" role=\"presentation\" class=\"elementor-menu-toggle__icon--open eicon-menu-bar\"><\/i><i aria-hidden=\"true\" role=\"presentation\" class=\"elementor-menu-toggle__icon--close eicon-close\"><\/i>\t\t<\/div>\n\t\t\t\t\t<nav class=\"elementor-nav-menu--dropdown elementor-nav-menu__container\" aria-hidden=\"true\">\n\t\t\t\t<ul id=\"menu-2-e616f0f\" class=\"elementor-nav-menu\"><li class=\"menu-item menu-item-type-post_type menu-item-object-page menu-item-home menu-item-14176\"><a href=\"https:\/\/mienart.de\/\" class=\"elementor-item\" tabindex=\"-1\">Startseite<\/a><\/li>\n<li class=\"menu-item menu-item-type-post_type menu-item-object-page menu-item-9243\"><a href=\"https:\/\/mienart.de\/?page_id=9118\" class=\"elementor-item\" tabindex=\"-1\">Service<\/a><\/li>\n<li class=\"menu-item menu-item-type-custom menu-item-object-custom menu-item-13679\"><a href=\"#Kontakt\" class=\"elementor-item elementor-item-anchor\" tabindex=\"-1\">Kontakt<\/a><\/li>\n<li class=\"menu-item menu-item-type-post_type menu-item-object-page menu-item-14396\"><a href=\"https:\/\/mienart.de\/?page_id=10118\" class=\"elementor-item\" tabindex=\"-1\">Preisliste<\/a><\/li>\n<\/ul>\t\t\t<\/nav>\n\t\t\t\t\t\t<\/div>\n\t\t\t\t<\/div>\n\t\t\t\t\t<\/div>\n\t\t\t\t<\/div>\n\t\t<div class=\"elementor-element elementor-element-4788b4b e-con-full e-transform e-flex e-con e-parent\" data-id=\"4788b4b\" data-element_type=\"container\" data-e-type=\"container\" data-settings=\"{&quot;background_background&quot;:&quot;classic&quot;,&quot;animation_mobile&quot;:&quot;none&quot;,&quot;_transform_translateY_effect_mobile&quot;:{&quot;unit&quot;:&quot;px&quot;,&quot;size&quot;:-46,&quot;sizes&quot;:[]},&quot;_transform_translateX_effect&quot;:{&quot;unit&quot;:&quot;px&quot;,&quot;size&quot;:&quot;&quot;,&quot;sizes&quot;:[]},&quot;_transform_translateX_effect_tablet&quot;:{&quot;unit&quot;:&quot;px&quot;,&quot;size&quot;:&quot;&quot;,&quot;sizes&quot;:[]},&quot;_transform_translateX_effect_mobile&quot;:{&quot;unit&quot;:&quot;px&quot;,&quot;size&quot;:&quot;&quot;,&quot;sizes&quot;:[]},&quot;_transform_translateY_effect&quot;:{&quot;unit&quot;:&quot;px&quot;,&quot;size&quot;:&quot;&quot;,&quot;sizes&quot;:[]},&quot;_transform_translateY_effect_tablet&quot;:{&quot;unit&quot;:&quot;px&quot;,&quot;size&quot;:&quot;&quot;,&quot;sizes&quot;:[]}}\">\n\t\t<div class=\"elementor-element elementor-element-157b2677 e-con-full e-flex elementor-invisible e-con e-child\" data-id=\"157b2677\" data-element_type=\"container\" data-e-type=\"container\" data-settings=\"{&quot;animation&quot;:&quot;zoomIn&quot;,&quot;motion_fx_motion_fx_scrolling&quot;:&quot;yes&quot;,&quot;motion_fx_translateX_effect&quot;:&quot;yes&quot;,&quot;motion_fx_translateX_speed&quot;:{&quot;unit&quot;:&quot;px&quot;,&quot;size&quot;:1.1,&quot;sizes&quot;:[]},&quot;motion_fx_translateX_direction&quot;:&quot;negative&quot;,&quot;motion_fx_translateX_affectedRange&quot;:{&quot;unit&quot;:&quot;%&quot;,&quot;size&quot;:&quot;&quot;,&quot;sizes&quot;:{&quot;start&quot;:41,&quot;end&quot;:63}},&quot;motion_fx_range&quot;:&quot;viewport&quot;,&quot;motion_fx_devices&quot;:[&quot;desktop&quot;,&quot;tablet&quot;,&quot;mobile&quot;]}\">\n\t\t<div class=\"elementor-element elementor-element-5f181fdb e-con-full e-flex e-con e-child\" data-id=\"5f181fdb\" data-element_type=\"container\" data-e-type=\"container\">\n\t\t\t\t<div class=\"elementor-element elementor-element-13872f53 elementor-invisible elementor-widget elementor-widget-icon-box\" data-id=\"13872f53\" data-element_type=\"widget\" data-e-type=\"widget\" data-settings=\"{&quot;_animation&quot;:&quot;fadeInRight&quot;}\" data-widget_type=\"icon-box.default\">\n\t\t\t\t<div class=\"elementor-widget-container\">\n\t\t\t\t\t\t\t<div class=\"elementor-icon-box-wrapper\">\n\n\t\t\t\n\t\t\t\t\t\t<div class=\"elementor-icon-box-content\">\n\n\t\t\t\t\t\t\t\t\t<h3 class=\"elementor-icon-box-title\">\n\t\t\t\t\t\t<span  >\n\t\t\t\t\t\t\tB\u00fcrsten- und Pflegeservice\t\t\t\t\t\t<\/span>\n\t\t\t\t\t<\/h3>\n\t\t\t\t\n\t\t\t\t\t\t\t\t\t<p class=\"elementor-icon-box-description\">\n\t\t\t\t\t\tEinige G\u00e4ste sind , was ihr Outfit angeht eigen oder geh\u00f6ren nicht zu den besonders Pflegeleichten Katzen. Hier ist eine regelm\u00e4\u00dfige Pflege erforderlich, die wir nat\u00fcrlich auch leisten, so man uns l\u00e4sst. Wir m\u00f6chten nat\u00fcrlich auch, dass die Halter ihren Liebling in einem gewohnten Zustand zur\u00fcckbekommen. Zur Freude zwischendurch werden nicht nur Streichel- und Schmuseeinheiten verteilt, sondern auch so einige Leckerlis.\n<br><br>SAUBERKEIT UND HYGIENE\nAlle R\u00e4ume und Zubeh\u00f6r, wie Futtersch\u00e4lchen, -Spender und Wassern\u00e4pfe, werden t\u00e4glich gereinigt und desinfiziert. Selbstverst\u00e4ndlich gilt das auch f\u00fcr die Katzenklos. Sauberkeit und Hygiene sind eine wichtige Voraussetzung f\u00fcr die Gesunderhaltung unserer G\u00e4ste.\t\t\t\t\t<\/p>\n\t\t\t\t\n\t\t\t<\/div>\n\t\t\t\n\t\t<\/div>\n\t\t\t\t\t\t<\/div>\n\t\t\t\t<\/div>\n\t\t<div class=\"elementor-element elementor-element-7e9f059e e-con-full e-flex e-con e-child\" data-id=\"7e9f059e\" data-element_type=\"container\" data-e-type=\"container\">\n\t\t\t\t<\/div>\n\t\t\t\t<\/div>\n\t\t<div class=\"elementor-element elementor-element-21b92bde e-con-full e-flex elementor-invisible e-con e-child\" data-id=\"21b92bde\" data-element_type=\"container\" data-e-type=\"container\" data-settings=\"{&quot;background_background&quot;:&quot;classic&quot;,&quot;animation&quot;:&quot;fadeInRight&quot;,&quot;motion_fx_motion_fx_scrolling&quot;:&quot;yes&quot;,&quot;motion_fx_translateX_effect&quot;:&quot;yes&quot;,&quot;motion_fx_translateX_direction&quot;:&quot;negative&quot;,&quot;motion_fx_translateX_speed&quot;:{&quot;unit&quot;:&quot;px&quot;,&quot;size&quot;:1.4,&quot;sizes&quot;:[]},&quot;motion_fx_translateX_affectedRange&quot;:{&quot;unit&quot;:&quot;%&quot;,&quot;size&quot;:&quot;&quot;,&quot;sizes&quot;:{&quot;start&quot;:40,&quot;end&quot;:66}},&quot;motion_fx_devices&quot;:[&quot;desktop&quot;,&quot;tablet&quot;,&quot;mobile&quot;]}\">\n\t\t\t\t<\/div>\n\t\t\t\t<div class=\"elementor-element elementor-element-7802244 elementor-widget elementor-widget-spacer\" data-id=\"7802244\" data-element_type=\"widget\" data-e-type=\"widget\" data-widget_type=\"spacer.default\">\n\t\t\t\t<div class=\"elementor-widget-container\">\n\t\t\t\t\t\t\t<div class=\"elementor-spacer\">\n\t\t\t<div class=\"elementor-spacer-inner\"><\/div>\n\t\t<\/div>\n\t\t\t\t\t\t<\/div>\n\t\t\t\t<\/div>\n\t\t\t\t<\/div>\n\t\t<div class=\"elementor-element elementor-element-3e28796d e-con-full e-flex e-con e-child\" data-id=\"3e28796d\" data-element_type=\"container\" data-e-type=\"container\">\n\t\t<div class=\"elementor-element elementor-element-4583dda0 e-con-full e-flex elementor-invisible e-con e-child\" data-id=\"4583dda0\" data-element_type=\"container\" data-e-type=\"container\" data-settings=\"{&quot;background_background&quot;:&quot;classic&quot;,&quot;animation&quot;:&quot;fadeInLeft&quot;,&quot;motion_fx_motion_fx_scrolling&quot;:&quot;yes&quot;,&quot;motion_fx_translateX_effect&quot;:&quot;yes&quot;,&quot;motion_fx_translateX_speed&quot;:{&quot;unit&quot;:&quot;px&quot;,&quot;size&quot;:1.7,&quot;sizes&quot;:[]},&quot;motion_fx_translateX_affectedRange&quot;:{&quot;unit&quot;:&quot;%&quot;,&quot;size&quot;:&quot;&quot;,&quot;sizes&quot;:{&quot;start&quot;:40,&quot;end&quot;:63}},&quot;motion_fx_devices&quot;:[&quot;desktop&quot;,&quot;tablet&quot;,&quot;mobile&quot;]}\">\n\t\t\t\t<\/div>\n\t\t\t\t<div class=\"elementor-element elementor-element-5d62853 elementor-invisible elementor-widget elementor-widget-image\" data-id=\"5d62853\" data-element_type=\"widget\" data-e-type=\"widget\" data-settings=\"{&quot;_animation&quot;:&quot;zoomIn&quot;}\" data-widget_type=\"image.default\">\n\t\t\t\t<div class=\"elementor-widget-container\">\n\t\t\t\t\t\t\t\t\t\t\t\t\t\t\t<img decoding=\"async\" width=\"98\" height=\"100\" src=\"https:\/\/mienart.de\/wp-content\/uploads\/2024\/07\/logo_Vet-Kopie-e1723467706521.png\" class=\"attachment-large size-large wp-image-8633\" alt=\"\" \/>\t\t\t\t\t\t\t\t\t\t\t\t\t\t\t<\/div>\n\t\t\t\t<\/div>\n\t\t<div class=\"elementor-element elementor-element-71d49e64 e-con-full e-flex e-con e-child\" data-id=\"71d49e64\" data-element_type=\"container\" data-e-type=\"container\" data-settings=\"{&quot;motion_fx_motion_fx_scrolling&quot;:&quot;yes&quot;,&quot;motion_fx_translateX_effect&quot;:&quot;yes&quot;,&quot;motion_fx_translateX_direction&quot;:&quot;negative&quot;,&quot;motion_fx_translateX_speed&quot;:{&quot;unit&quot;:&quot;px&quot;,&quot;size&quot;:1.1,&quot;sizes&quot;:[]},&quot;motion_fx_translateX_affectedRange&quot;:{&quot;unit&quot;:&quot;%&quot;,&quot;size&quot;:&quot;&quot;,&quot;sizes&quot;:{&quot;start&quot;:41,&quot;end&quot;:65}},&quot;motion_fx_devices&quot;:[&quot;desktop&quot;,&quot;tablet&quot;,&quot;mobile&quot;]}\">\n\t\t\t\t<div class=\"elementor-element elementor-element-2459a6f0 elementor-invisible elementor-widget elementor-widget-icon-box\" data-id=\"2459a6f0\" data-element_type=\"widget\" data-e-type=\"widget\" data-settings=\"{&quot;_animation&quot;:&quot;fadeInRight&quot;}\" data-widget_type=\"icon-box.default\">\n\t\t\t\t<div class=\"elementor-widget-container\">\n\t\t\t\t\t\t\t<div class=\"elementor-icon-box-wrapper\">\n\n\t\t\t\n\t\t\t\t\t\t<div class=\"elementor-icon-box-content\">\n\n\t\t\t\t\t\t\t\t\t<h3 class=\"elementor-icon-box-title\">\n\t\t\t\t\t\t<span  >\n\t\t\t\t\t\t\tGesundheitscenter\t\t\t\t\t\t<\/span>\n\t\t\t\t\t<\/h3>\n\t\t\t\t\n\t\t\t\t\t\t\t\t\t<p class=\"elementor-icon-box-description\">\n\t\t\t\t\t\tLeider ist es nicht auszuschlie\u00dfen, dass Katzen sich eine Erk\u00e4ltung einfangen oder mit einer Solchen hierher kommen. <br>Sollte es trotz aller Vorsorge vorkommen, dass sich ein Gast nicht wohlf\u00fchlt, steht unsere langj\u00e4hrige Partnerin, die Tier\u00e4rztin Frau Susanne Schweitzer, direkt vor Ort mit Rat und Tat zur Verf\u00fcgung. Im Falle einer Erkrankung, wird der Patient isoliert gehalten, damit eine Ansteckung der Gruppe m\u00f6glichst vermieden wird.\t\t\t\t\t<\/p>\n\t\t\t\t\n\t\t\t<\/div>\n\t\t\t\n\t\t<\/div>\n\t\t\t\t\t\t<\/div>\n\t\t\t\t<\/div>\n\t\t\t\t<\/div>\n\t\t\t\t<\/div>\n\t\t\t\t<\/div>\n\t\t\t\t<\/div>\n\t\t","protected":false},"excerpt":{"rendered":"<p>B\u00fcrsten- und Pflegeservice Einige G\u00e4ste sind , was ihr Outfit angeht eigen oder geh\u00f6ren nicht zu den besonders Pflegeleichten Katzen. Hier ist eine regelm\u00e4\u00dfige Pflege erforderlich, die wir nat\u00fcrlich auch leisten, so man uns l\u00e4sst. Wir m\u00f6chten nat\u00fcrlich auch, dass die Halter ihren Liebling in einem gewohnten Zustand zur\u00fcckbekommen. Zur Freude zwischendurch werden nicht nur [&hellip;]<\/p>\n","protected":false},"author":1,"featured_media":0,"parent":0,"menu_order":0,"comment_status":"closed","ping_status":"closed","template":"elementor_header_footer","meta":{"footnotes":""},"class_list":["post-9118","page","type-page","status-publish","hentry"],"yoast_head":"<!-- This site is optimized with the Yoast SEO plugin v27.4 - https:\/\/yoast.com\/product\/yoast-seo-wordpress\/ -->\n<title>Service &#8212; Katzenparadies-Hachmann %Pferdeportraits in \u00d6l<\/title>\n<meta name=\"description\" content=\"Portrait- und Tiermalerei direkt vom K\u00fcnstler Thomas Ketels, der als Mienart seit Jahren n\u00f6rdlich Hamburgs arbeitet.\" \/>\n<meta name=\"robots\" content=\"noindex, follow, max-snippet:-1, max-image-preview:large, max-video-preview:-1\" \/>\n<meta property=\"og:locale\" content=\"de_DE\" \/>\n<meta property=\"og:type\" content=\"article\" \/>\n<meta property=\"og:title\" content=\"Service &#8212; Katzenparadies-Hachmann %Pferdeportraits in \u00d6l\" \/>\n<meta property=\"og:description\" content=\"Portrait- und Tiermalerei direkt vom K\u00fcnstler Thomas Ketels, der als Mienart seit Jahren n\u00f6rdlich Hamburgs arbeitet.\" \/>\n<meta property=\"og:url\" content=\"https:\/\/mienart.de\/?page_id=9118\" \/>\n<meta property=\"og:site_name\" content=\"Katzenparadies-Hachmann\" \/>\n<meta property=\"article:publisher\" content=\"https:\/\/www.facebook.com\/mienart\" \/>\n<meta property=\"article:modified_time\" content=\"2026-03-29T18:11:08+00:00\" \/>\n<meta property=\"og:image\" content=\"https:\/\/mienart.de\/wp-content\/uploads\/2024\/07\/logo_Vet-Kopie-e1723467706521.png\" \/>\n\t<meta property=\"og:image:width\" content=\"98\" \/>\n\t<meta property=\"og:image:height\" content=\"100\" \/>\n\t<meta property=\"og:image:type\" content=\"image\/png\" \/>\n<meta name=\"twitter:card\" content=\"summary_large_image\" \/>\n<meta name=\"twitter:label1\" content=\"Gesch\u00e4tzte Lesezeit\" \/>\n\t<meta name=\"twitter:data1\" content=\"1\u00a0Minute\" \/>\n<script type=\"application\/ld+json\" class=\"yoast-schema-graph\">{\"@context\":\"https:\\\/\\\/schema.org\",\"@graph\":[{\"@type\":\"WebPage\",\"@id\":\"https:\\\/\\\/mienart.de\\\/?page_id=9118\",\"url\":\"https:\\\/\\\/mienart.de\\\/?page_id=9118\",\"name\":\"Service &#8212; Katzenparadies-Hachmann %Pferdeportraits in \u00d6l\",\"isPartOf\":{\"@id\":\"https:\\\/\\\/mienart.de\\\/#website\"},\"primaryImageOfPage\":{\"@id\":\"https:\\\/\\\/mienart.de\\\/?page_id=9118#primaryimage\"},\"image\":{\"@id\":\"https:\\\/\\\/mienart.de\\\/?page_id=9118#primaryimage\"},\"thumbnailUrl\":\"https:\\\/\\\/mienart.de\\\/wp-content\\\/uploads\\\/2024\\\/07\\\/logo_Vet-Kopie-e1723467706521.png\",\"datePublished\":\"2024-08-13T11:39:45+00:00\",\"dateModified\":\"2026-03-29T18:11:08+00:00\",\"description\":\"Portrait- und Tiermalerei direkt vom K\u00fcnstler Thomas Ketels, der als Mienart seit Jahren n\u00f6rdlich Hamburgs arbeitet.\",\"breadcrumb\":{\"@id\":\"https:\\\/\\\/mienart.de\\\/?page_id=9118#breadcrumb\"},\"inLanguage\":\"de\",\"potentialAction\":[{\"@type\":\"ReadAction\",\"target\":[\"https:\\\/\\\/mienart.de\\\/?page_id=9118\"]}]},{\"@type\":\"ImageObject\",\"inLanguage\":\"de\",\"@id\":\"https:\\\/\\\/mienart.de\\\/?page_id=9118#primaryimage\",\"url\":\"https:\\\/\\\/mienart.de\\\/wp-content\\\/uploads\\\/2024\\\/07\\\/logo_Vet-Kopie-e1723467706521.png\",\"contentUrl\":\"https:\\\/\\\/mienart.de\\\/wp-content\\\/uploads\\\/2024\\\/07\\\/logo_Vet-Kopie-e1723467706521.png\",\"width\":98,\"height\":100},{\"@type\":\"BreadcrumbList\",\"@id\":\"https:\\\/\\\/mienart.de\\\/?page_id=9118#breadcrumb\",\"itemListElement\":[{\"@type\":\"ListItem\",\"position\":1,\"name\":\"Startseite\",\"item\":\"https:\\\/\\\/mienart.de\\\/\"},{\"@type\":\"ListItem\",\"position\":2,\"name\":\"Service\"}]},{\"@type\":\"WebSite\",\"@id\":\"https:\\\/\\\/mienart.de\\\/#website\",\"url\":\"https:\\\/\\\/mienart.de\\\/\",\"name\":\"Katzenparadies-Hachmann\",\"description\":\"Ihre Katzenpension n\u00f6rdlich Hamburgs\",\"publisher\":{\"@id\":\"https:\\\/\\\/mienart.de\\\/#\\\/schema\\\/person\\\/3f7657ccaa90d026faefaabf5aa0858d\"},\"potentialAction\":[{\"@type\":\"SearchAction\",\"target\":{\"@type\":\"EntryPoint\",\"urlTemplate\":\"https:\\\/\\\/mienart.de\\\/?s={search_term_string}\"},\"query-input\":{\"@type\":\"PropertyValueSpecification\",\"valueRequired\":true,\"valueName\":\"search_term_string\"}}],\"inLanguage\":\"de\"},{\"@type\":[\"Person\",\"Organization\"],\"@id\":\"https:\\\/\\\/mienart.de\\\/#\\\/schema\\\/person\\\/3f7657ccaa90d026faefaabf5aa0858d\",\"name\":\"ThomasKetels\",\"image\":{\"@type\":\"ImageObject\",\"inLanguage\":\"de\",\"@id\":\"https:\\\/\\\/mienart.de\\\/wp-content\\\/uploads\\\/2022\\\/06\\\/Mienart.jpg\",\"url\":\"https:\\\/\\\/mienart.de\\\/wp-content\\\/uploads\\\/2022\\\/06\\\/Mienart.jpg\",\"contentUrl\":\"https:\\\/\\\/mienart.de\\\/wp-content\\\/uploads\\\/2022\\\/06\\\/Mienart.jpg\",\"width\":650,\"height\":656,\"caption\":\"ThomasKetels\"},\"logo\":{\"@id\":\"https:\\\/\\\/mienart.de\\\/wp-content\\\/uploads\\\/2022\\\/06\\\/Mienart.jpg\"},\"sameAs\":[\"https:\\\/\\\/www.facebook.com\\\/mienart\",\"https:\\\/\\\/www.instagram.com\\\/ketels.thomas\\\/\"]}]}<\/script>\n<!-- \/ Yoast SEO plugin. -->","yoast_head_json":{"title":"Service &#8212; Katzenparadies-Hachmann %Pferdeportraits in \u00d6l","description":"Portrait- und Tiermalerei direkt vom K\u00fcnstler Thomas Ketels, der als Mienart seit Jahren n\u00f6rdlich Hamburgs arbeitet.","robots":{"index":"noindex","follow":"follow","max-snippet":"max-snippet:-1","max-image-preview":"max-image-preview:large","max-video-preview":"max-video-preview:-1"},"og_locale":"de_DE","og_type":"article","og_title":"Service &#8212; Katzenparadies-Hachmann %Pferdeportraits in \u00d6l","og_description":"Portrait- und Tiermalerei direkt vom K\u00fcnstler Thomas Ketels, der als Mienart seit Jahren n\u00f6rdlich Hamburgs arbeitet.","og_url":"https:\/\/mienart.de\/?page_id=9118","og_site_name":"Katzenparadies-Hachmann","article_publisher":"https:\/\/www.facebook.com\/mienart","article_modified_time":"2026-03-29T18:11:08+00:00","og_image":[{"width":98,"height":100,"url":"https:\/\/mienart.de\/wp-content\/uploads\/2024\/07\/logo_Vet-Kopie-e1723467706521.png","type":"image\/png"}],"twitter_card":"summary_large_image","twitter_misc":{"Gesch\u00e4tzte Lesezeit":"1\u00a0Minute"},"schema":{"@context":"https:\/\/schema.org","@graph":[{"@type":"WebPage","@id":"https:\/\/mienart.de\/?page_id=9118","url":"https:\/\/mienart.de\/?page_id=9118","name":"Service &#8212; Katzenparadies-Hachmann %Pferdeportraits in \u00d6l","isPartOf":{"@id":"https:\/\/mienart.de\/#website"},"primaryImageOfPage":{"@id":"https:\/\/mienart.de\/?page_id=9118#primaryimage"},"image":{"@id":"https:\/\/mienart.de\/?page_id=9118#primaryimage"},"thumbnailUrl":"https:\/\/mienart.de\/wp-content\/uploads\/2024\/07\/logo_Vet-Kopie-e1723467706521.png","datePublished":"2024-08-13T11:39:45+00:00","dateModified":"2026-03-29T18:11:08+00:00","description":"Portrait- und Tiermalerei direkt vom K\u00fcnstler Thomas Ketels, der als Mienart seit Jahren n\u00f6rdlich Hamburgs arbeitet.","breadcrumb":{"@id":"https:\/\/mienart.de\/?page_id=9118#breadcrumb"},"inLanguage":"de","potentialAction":[{"@type":"ReadAction","target":["https:\/\/mienart.de\/?page_id=9118"]}]},{"@type":"ImageObject","inLanguage":"de","@id":"https:\/\/mienart.de\/?page_id=9118#primaryimage","url":"https:\/\/mienart.de\/wp-content\/uploads\/2024\/07\/logo_Vet-Kopie-e1723467706521.png","contentUrl":"https:\/\/mienart.de\/wp-content\/uploads\/2024\/07\/logo_Vet-Kopie-e1723467706521.png","width":98,"height":100},{"@type":"BreadcrumbList","@id":"https:\/\/mienart.de\/?page_id=9118#breadcrumb","itemListElement":[{"@type":"ListItem","position":1,"name":"Startseite","item":"https:\/\/mienart.de\/"},{"@type":"ListItem","position":2,"name":"Service"}]},{"@type":"WebSite","@id":"https:\/\/mienart.de\/#website","url":"https:\/\/mienart.de\/","name":"Katzenparadies-Hachmann","description":"Ihre Katzenpension n\u00f6rdlich Hamburgs","publisher":{"@id":"https:\/\/mienart.de\/#\/schema\/person\/3f7657ccaa90d026faefaabf5aa0858d"},"potentialAction":[{"@type":"SearchAction","target":{"@type":"EntryPoint","urlTemplate":"https:\/\/mienart.de\/?s={search_term_string}"},"query-input":{"@type":"PropertyValueSpecification","valueRequired":true,"valueName":"search_term_string"}}],"inLanguage":"de"},{"@type":["Person","Organization"],"@id":"https:\/\/mienart.de\/#\/schema\/person\/3f7657ccaa90d026faefaabf5aa0858d","name":"ThomasKetels","image":{"@type":"ImageObject","inLanguage":"de","@id":"https:\/\/mienart.de\/wp-content\/uploads\/2022\/06\/Mienart.jpg","url":"https:\/\/mienart.de\/wp-content\/uploads\/2022\/06\/Mienart.jpg","contentUrl":"https:\/\/mienart.de\/wp-content\/uploads\/2022\/06\/Mienart.jpg","width":650,"height":656,"caption":"ThomasKetels"},"logo":{"@id":"https:\/\/mienart.de\/wp-content\/uploads\/2022\/06\/Mienart.jpg"},"sameAs":["https:\/\/www.facebook.com\/mienart","https:\/\/www.instagram.com\/ketels.thomas\/"]}]}},"_links":{"self":[{"href":"https:\/\/mienart.de\/index.php?rest_route=\/wp\/v2\/pages\/9118","targetHints":{"allow":["GET"]}}],"collection":[{"href":"https:\/\/mienart.de\/index.php?rest_route=\/wp\/v2\/pages"}],"about":[{"href":"https:\/\/mienart.de\/index.php?rest_route=\/wp\/v2\/types\/page"}],"author":[{"embeddable":true,"href":"https:\/\/mienart.de\/index.php?rest_route=\/wp\/v2\/users\/1"}],"replies":[{"embeddable":true,"href":"https:\/\/mienart.de\/index.php?rest_route=%2Fwp%2Fv2%2Fcomments&post=9118"}],"version-history":[{"count":91,"href":"https:\/\/mienart.de\/index.php?rest_route=\/wp\/v2\/pages\/9118\/revisions"}],"predecessor-version":[{"id":14461,"href":"https:\/\/mienart.de\/index.php?rest_route=\/wp\/v2\/pages\/9118\/revisions\/14461"}],"wp:attachment":[{"href":"https:\/\/mienart.de\/index.php?rest_route=%2Fwp%2Fv2%2Fmedia&parent=9118"}],"curies":[{"name":"wp","href":"https:\/\/api.w.org\/{rel}","templated":true}]}}