{"id":10118,"date":"2024-08-19T11:38:52","date_gmt":"2024-08-19T09:38:52","guid":{"rendered":"https:\/\/mienart.de\/?page_id=10118"},"modified":"2026-04-09T11:09:56","modified_gmt":"2026-04-09T09:09:56","slug":"preisliste","status":"publish","type":"page","link":"https:\/\/mienart.de\/?page_id=10118","title":{"rendered":"Preisliste"},"content":{"rendered":"\t\t<div data-elementor-type=\"wp-page\" data-elementor-id=\"10118\" class=\"elementor elementor-10118\" data-elementor-post-type=\"page\">\n\t\t\t\t<div class=\"elementor-element elementor-element-61fad87 e-flex e-con-boxed e-con e-parent\" data-id=\"61fad87\" data-element_type=\"container\" data-e-type=\"container\">\n\t\t\t\t\t<div class=\"e-con-inner\">\n\t\t\t\t<div class=\"elementor-element elementor-element-ff42aa8 elementor-widget__width-initial elementor-nav-menu__align-center elementor-nav-menu--dropdown-tablet elementor-nav-menu__text-align-aside elementor-nav-menu--toggle elementor-nav-menu--burger elementor-widget elementor-widget-nav-menu\" data-id=\"ff42aa8\" data-element_type=\"widget\" data-e-type=\"widget\" data-settings=\"{&quot;layout&quot;:&quot;horizontal&quot;,&quot;submenu_icon&quot;:{&quot;value&quot;:&quot;&lt;i class=\\&quot;fas fa-caret-down\\&quot; aria-hidden=\\&quot;true\\&quot;&gt;&lt;\\\/i&gt;&quot;,&quot;library&quot;:&quot;fa-solid&quot;},&quot;toggle&quot;:&quot;burger&quot;}\" data-widget_type=\"nav-menu.default\">\n\t\t\t\t<div class=\"elementor-widget-container\">\n\t\t\t\t\t\t\t\t<nav aria-label=\"Men\u00fc\" class=\"elementor-nav-menu--main elementor-nav-menu__container elementor-nav-menu--layout-horizontal e--pointer-background e--animation-sweep-up\">\n\t\t\t\t<ul id=\"menu-1-ff42aa8\" class=\"elementor-nav-menu\"><li class=\"menu-item menu-item-type-post_type menu-item-object-page menu-item-home menu-item-14176\"><a href=\"https:\/\/mienart.de\/\" class=\"elementor-item\">Startseite<\/a><\/li>\n<li class=\"menu-item menu-item-type-post_type menu-item-object-page menu-item-9243\"><a href=\"https:\/\/mienart.de\/?page_id=9118\" class=\"elementor-item\">Service<\/a><\/li>\n<li class=\"menu-item menu-item-type-custom menu-item-object-custom menu-item-13679\"><a href=\"#Kontakt\" class=\"elementor-item elementor-item-anchor\">Kontakt<\/a><\/li>\n<li class=\"menu-item menu-item-type-post_type menu-item-object-page menu-item-14396\"><a href=\"https:\/\/mienart.de\/?page_id=10118\" class=\"elementor-item\">Preisliste<\/a><\/li>\n<\/ul>\t\t\t<\/nav>\n\t\t\t\t\t<div class=\"elementor-menu-toggle\" role=\"button\" tabindex=\"0\" aria-label=\"Men\u00fc Umschalter\" aria-expanded=\"false\">\n\t\t\t<i aria-hidden=\"true\" role=\"presentation\" class=\"elementor-menu-toggle__icon--open eicon-menu-bar\"><\/i><i aria-hidden=\"true\" role=\"presentation\" class=\"elementor-menu-toggle__icon--close eicon-close\"><\/i>\t\t<\/div>\n\t\t\t\t\t<nav class=\"elementor-nav-menu--dropdown elementor-nav-menu__container\" aria-hidden=\"true\">\n\t\t\t\t<ul id=\"menu-2-ff42aa8\" class=\"elementor-nav-menu\"><li class=\"menu-item menu-item-type-post_type menu-item-object-page menu-item-home menu-item-14176\"><a href=\"https:\/\/mienart.de\/\" class=\"elementor-item\" tabindex=\"-1\">Startseite<\/a><\/li>\n<li class=\"menu-item menu-item-type-post_type menu-item-object-page menu-item-9243\"><a href=\"https:\/\/mienart.de\/?page_id=9118\" class=\"elementor-item\" tabindex=\"-1\">Service<\/a><\/li>\n<li class=\"menu-item menu-item-type-custom menu-item-object-custom menu-item-13679\"><a href=\"#Kontakt\" class=\"elementor-item elementor-item-anchor\" tabindex=\"-1\">Kontakt<\/a><\/li>\n<li class=\"menu-item menu-item-type-post_type menu-item-object-page menu-item-14396\"><a href=\"https:\/\/mienart.de\/?page_id=10118\" class=\"elementor-item\" tabindex=\"-1\">Preisliste<\/a><\/li>\n<\/ul>\t\t\t<\/nav>\n\t\t\t\t\t\t<\/div>\n\t\t\t\t<\/div>\n\t\t\t\t\t<\/div>\n\t\t\t\t<\/div>\n\t\t<div class=\"elementor-element elementor-element-1d9dd16 e-flex e-con-boxed e-con e-parent\" data-id=\"1d9dd16\" data-element_type=\"container\" data-e-type=\"container\" data-settings=\"{&quot;background_background&quot;:&quot;classic&quot;}\">\n\t\t\t\t\t<div class=\"e-con-inner\">\n\t\t<div class=\"elementor-element elementor-element-3e205d27 e-flex e-con-boxed e-con e-child\" data-id=\"3e205d27\" data-element_type=\"container\" data-e-type=\"container\">\n\t\t\t\t\t<div class=\"e-con-inner\">\n\t\t\t\t<div class=\"elementor-element elementor-element-50c2c038 elementor-widget elementor-widget-heading\" data-id=\"50c2c038\" data-element_type=\"widget\" data-e-type=\"widget\" data-widget_type=\"heading.default\">\n\t\t\t\t<div class=\"elementor-widget-container\">\n\t\t\t\t\t<h2 class=\"elementor-heading-title elementor-size-default\">Preisliste                                                                            <\/h2>\t\t\t\t<\/div>\n\t\t\t\t<\/div>\n\t\t<div class=\"elementor-element elementor-element-37343aa e-grid e-con-full e-con e-child\" data-id=\"37343aa\" data-element_type=\"container\" data-e-type=\"container\">\n\t\t\t\t<div class=\"elementor-element elementor-element-db3b76a elementor-widget elementor-widget-text-editor\" data-id=\"db3b76a\" data-element_type=\"widget\" data-e-type=\"widget\" data-widget_type=\"text-editor.default\">\n\t\t\t\t<div class=\"elementor-widget-container\">\n\t\t\t\t\t\t\t\t\t<p>Unsere Preise sind Tagespreise<\/p>\t\t\t\t\t\t\t\t<\/div>\n\t\t\t\t<\/div>\n\t\t\t\t<div class=\"elementor-element elementor-element-d168cb9 elementor-widget elementor-widget-text-editor\" data-id=\"d168cb9\" data-element_type=\"widget\" data-e-type=\"widget\" data-widget_type=\"text-editor.default\">\n\t\t\t\t<div class=\"elementor-widget-container\">\n\t\t\t\t\t\t\t\t\t<p>Heizperiode 01.10.-.30.4.<br>Winterpreise inclusiv 2,50\u20ac Heizkosten<\/p>\t\t\t\t\t\t\t\t<\/div>\n\t\t\t\t<\/div>\n\t\t\t\t<div class=\"elementor-element elementor-element-84b402b elementor-widget elementor-widget-text-editor\" data-id=\"84b402b\" data-element_type=\"widget\" data-e-type=\"widget\" data-widget_type=\"text-editor.default\">\n\t\t\t\t<div class=\"elementor-widget-container\">\n\t\t\t\t\t\t\t\t\t<p>Sommer \/ Winter<\/p>\t\t\t\t\t\t\t\t<\/div>\n\t\t\t\t<\/div>\n\t\t\t\t<\/div>\n\t\t\t\t<div class=\"elementor-element elementor-element-2b375328 elementor-widget elementor-widget-price-list\" data-id=\"2b375328\" data-element_type=\"widget\" data-e-type=\"widget\" data-widget_type=\"price-list.default\">\n\t\t\t\t<div class=\"elementor-widget-container\">\n\t\t\t\t\t\n\t\t<ul class=\"elementor-price-list\">\n\n\t\t\t\t\t\t\t\t\t<li><a class=\"elementor-price-list-item\" href=\"#\">\t\t\t\t\n\t\t\t\t<div class=\"elementor-price-list-text\">\n\t\t\t\t\t\t\t\t\t<div class=\"elementor-price-list-header\">\n\t\t\t\t\t\t\t\t\t\t\t<span class=\"elementor-price-list-title\">\n\t\t\t\t\t\t\tGruppenhaltung\t\t\t\t\t\t<\/span>\n\t\t\t\t\t\t\t\t\t\t\t\t\t\t\t\t\t\t<span class=\"elementor-price-list-separator\"><\/span>\n\t\t\t\t\t\t\t\t\t\t\t\t\t\t\t\t<\/div>\n\t\t\t\t\t\t\t\t\t\t\t\t<\/div>\n\t\t\t\t<\/a><\/li>\t\t\t\t\t\t\t\t\t\t\t\t<li><a class=\"elementor-price-list-item\" href=\"#\">\t\t\t\t\n\t\t\t\t<div class=\"elementor-price-list-text\">\n\t\t\t\t\t\t\t\t\t<div class=\"elementor-price-list-header\">\n\t\t\t\t\t\t\t\t\t\t\t<span class=\"elementor-price-list-title\">\n\t\t\t\t\t\t\t1. Katze\t\t\t\t\t\t<\/span>\n\t\t\t\t\t\t\t\t\t\t\t\t\t\t\t\t\t\t<span class=\"elementor-price-list-separator\"><\/span>\n\t\t\t\t\t\t\t\t\t\t\t\t\t\t\t\t\t\t\t<span class=\"elementor-price-list-price\">17,50 \u20ac \/ 20,00 \u20ac<\/span>\n\t\t\t\t\t\t\t\t\t\t<\/div>\n\t\t\t\t\t\t\t\t\t\t\t\t<\/div>\n\t\t\t\t<\/a><\/li>\t\t\t\t\t\t\t\t\t\t\t\t<li><a class=\"elementor-price-list-item\" href=\"#\">\t\t\t\t\n\t\t\t\t<div class=\"elementor-price-list-text\">\n\t\t\t\t\t\t\t\t\t<div class=\"elementor-price-list-header\">\n\t\t\t\t\t\t\t\t\t\t\t<span class=\"elementor-price-list-title\">\n\t\t\t\t\t\t\t2. Katze\t\t\t\t\t\t<\/span>\n\t\t\t\t\t\t\t\t\t\t\t\t\t\t\t\t\t\t<span class=\"elementor-price-list-separator\"><\/span>\n\t\t\t\t\t\t\t\t\t\t\t\t\t\t\t\t\t\t\t<span class=\"elementor-price-list-price\">33,25 \u20ac \/ 38,25 \u20ac<\/span>\n\t\t\t\t\t\t\t\t\t\t<\/div>\n\t\t\t\t\t\t\t\t\t\t\t\t<\/div>\n\t\t\t\t<\/a><\/li>\t\t\t\t\t\t\t\t\t\t\t\t<li><a class=\"elementor-price-list-item\" href=\"#\">\t\t\t\t\n\t\t\t\t<div class=\"elementor-price-list-text\">\n\t\t\t\t\t\t\t\t\t<div class=\"elementor-price-list-header\">\n\t\t\t\t\t\t\t\t\t\t\t<span class=\"elementor-price-list-title\">\n\t\t\t\t\t\t\t3. Katze\t\t\t\t\t\t<\/span>\n\t\t\t\t\t\t\t\t\t\t\t\t\t\t\t\t\t\t<span class=\"elementor-price-list-separator\"><\/span>\n\t\t\t\t\t\t\t\t\t\t\t\t\t\t\t\t\t\t\t<span class=\"elementor-price-list-price\">49,00 \u20ac \/ 56,50 \u20ac<\/span>\n\t\t\t\t\t\t\t\t\t\t<\/div>\n\t\t\t\t\t\t\t\t\t\t\t\t\t\t\t<p class=\"elementor-price-list-description\">\n\t\t\t\t\t\t\tF\u00fcr die 2. und jede weitere Katze gibt es 10% Rabatt!\nTagespreise f\u00fcr die 2. und jede weitere Katze \u20ac 13,50\t\t\t\t\t\t<\/p>\n\t\t\t\t\t\t\t\t<\/div>\n\t\t\t\t<\/a><\/li>\t\t\t\t\t\t\t\t\t\t\t\t<li><a class=\"elementor-price-list-item\" href=\"#\">\t\t\t\t\n\t\t\t\t<div class=\"elementor-price-list-text\">\n\t\t\t\t\t\t\t\t\t<div class=\"elementor-price-list-header\">\n\t\t\t\t\t\t\t\t\t\t\t<span class=\"elementor-price-list-title\">\n\t\t\t\t\t\t\tEinzelzimmer:\t\t\t\t\t\t<\/span>\n\t\t\t\t\t\t\t\t\t\t\t\t\t\t\t\t\t\t<span class=\"elementor-price-list-separator\"><\/span>\n\t\t\t\t\t\t\t\t\t\t\t\t\t\t\t\t\t\t\t<span class=\"elementor-price-list-price\">(kein Rabatt)<\/span>\n\t\t\t\t\t\t\t\t\t\t<\/div>\n\t\t\t\t\t\t\t\t\t\t\t\t<\/div>\n\t\t\t\t<\/a><\/li>\t\t\t\t\t\t\t\t\t\t\t\t<li><a class=\"elementor-price-list-item\" href=\"#\">\t\t\t\t\n\t\t\t\t<div class=\"elementor-price-list-text\">\n\t\t\t\t\t\t\t\t\t<div class=\"elementor-price-list-header\">\n\t\t\t\t\t\t\t\t\t\t\t<span class=\"elementor-price-list-title\">\n\t\t\t\t\t\t\t1. Katze\t\t\t\t\t\t<\/span>\n\t\t\t\t\t\t\t\t\t\t\t\t\t\t\t\t\t\t<span class=\"elementor-price-list-separator\"><\/span>\n\t\t\t\t\t\t\t\t\t\t\t\t\t\t\t\t\t\t\t<span class=\"elementor-price-list-price\">21,00 \u20ac \/ 23,50 \u20ac<\/span>\n\t\t\t\t\t\t\t\t\t\t<\/div>\n\t\t\t\t\t\t\t\t\t\t\t\t<\/div>\n\t\t\t\t<\/a><\/li>\t\t\t\t\t\t\t\t\t\t\t\t<li><a class=\"elementor-price-list-item\" href=\"#\">\t\t\t\t\n\t\t\t\t<div class=\"elementor-price-list-text\">\n\t\t\t\t\t\t\t\t\t<div class=\"elementor-price-list-header\">\n\t\t\t\t\t\t\t\t\t\t\t<span class=\"elementor-price-list-title\">\n\t\t\t\t\t\t\t2. Katze\t\t\t\t\t\t<\/span>\n\t\t\t\t\t\t\t\t\t\t\t\t\t\t\t\t\t\t<span class=\"elementor-price-list-separator\"><\/span>\n\t\t\t\t\t\t\t\t\t\t\t\t\t\t\t\t\t\t\t<span class=\"elementor-price-list-price\">42,00 \u20ac \/ 47,00 \u20ac<\/span>\n\t\t\t\t\t\t\t\t\t\t<\/div>\n\t\t\t\t\t\t\t\t\t\t\t\t<\/div>\n\t\t\t\t<\/a><\/li>\t\t\t\t\t\t\t\t\t\t\t\t<li><a class=\"elementor-price-list-item\" href=\"#\">\t\t\t\t\n\t\t\t\t<div class=\"elementor-price-list-text\">\n\t\t\t\t\t\t\t\t\t<div class=\"elementor-price-list-header\">\n\t\t\t\t\t\t\t\t\t\t\t<span class=\"elementor-price-list-title\">\n\t\t\t\t\t\t\tMedikamentengabe\t\t\t\t\t\t<\/span>\n\t\t\t\t\t\t\t\t\t\t\t\t\t\t\t\t\t\t<span class=\"elementor-price-list-separator\"><\/span>\n\t\t\t\t\t\t\t\t\t\t\t\t\t\t\t\t\t\t\t<span class=\"elementor-price-list-price\">4,00 \u20ac \/ Tag<\/span>\n\t\t\t\t\t\t\t\t\t\t<\/div>\n\t\t\t\t\t\t\t\t\t\t\t\t<\/div>\n\t\t\t\t<\/a><\/li>\t\t\t\t\t\n\t\t<\/ul>\n\n\t\t\t\t\t\t<\/div>\n\t\t\t\t<\/div>\n\t\t\t\t\t<\/div>\n\t\t\t\t<\/div>\n\t\t\t\t\t<\/div>\n\t\t\t\t<\/div>\n\t\t<div class=\"elementor-element elementor-element-ce287e0 e-flex e-con-boxed e-con e-parent\" data-id=\"ce287e0\" data-element_type=\"container\" data-e-type=\"container\">\n\t\t\t\t\t<div class=\"e-con-inner\">\n\t\t\t\t<div class=\"elementor-element elementor-element-8e79b14 elementor-widget-divider--view-line elementor-widget elementor-widget-divider\" data-id=\"8e79b14\" data-element_type=\"widget\" data-e-type=\"widget\" data-widget_type=\"divider.default\">\n\t\t\t\t<div class=\"elementor-widget-container\">\n\t\t\t\t\t\t\t<div class=\"elementor-divider\">\n\t\t\t<span class=\"elementor-divider-separator\">\n\t\t\t\t\t\t<\/span>\n\t\t<\/div>\n\t\t\t\t\t\t<\/div>\n\t\t\t\t<\/div>\n\t\t\t\t\t<\/div>\n\t\t\t\t<\/div>\n\t\t\t\t<\/div>\n\t\t","protected":false},"excerpt":{"rendered":"<p>Preisliste Unsere Preise sind Tagespreise Heizperiode 01.10.-.30.4.Winterpreise inclusiv 2,50\u20ac Heizkosten Sommer \/ Winter Gruppenhaltung 1. Katze 17,50 \u20ac \/ 20,00 \u20ac 2. Katze 33,25 \u20ac \/ 38,25 \u20ac 3. Katze 49,00 \u20ac \/ 56,50 \u20ac F\u00fcr die 2. und jede weitere Katze gibt es 10% Rabatt! Tagespreise f\u00fcr die 2. und jede weitere Katze \u20ac [&hellip;]<\/p>\n","protected":false},"author":1,"featured_media":0,"parent":0,"menu_order":0,"comment_status":"closed","ping_status":"closed","template":"elementor_header_footer","meta":{"footnotes":""},"class_list":["post-10118","page","type-page","status-publish","hentry"],"yoast_head":"<!-- This site is optimized with the Yoast SEO plugin v27.4 - https:\/\/yoast.com\/product\/yoast-seo-wordpress\/ -->\n<title>Preisliste &#8212; Katzenparadies-Hachmann %Pferdeportraits in \u00d6l<\/title>\n<meta name=\"description\" content=\"Portrait- und Tiermalerei direkt vom K\u00fcnstler Thomas Ketels, der als Mienart seit Jahren n\u00f6rdlich Hamburgs arbeitet.\" \/>\n<meta name=\"robots\" content=\"noindex, follow, max-snippet:-1, max-image-preview:large, max-video-preview:-1\" \/>\n<meta property=\"og:locale\" content=\"de_DE\" \/>\n<meta property=\"og:type\" content=\"article\" \/>\n<meta property=\"og:title\" content=\"Preisliste &#8212; Katzenparadies-Hachmann %Pferdeportraits in \u00d6l\" \/>\n<meta property=\"og:description\" content=\"Portrait- und Tiermalerei direkt vom K\u00fcnstler Thomas Ketels, der als Mienart seit Jahren n\u00f6rdlich Hamburgs arbeitet.\" \/>\n<meta property=\"og:url\" content=\"https:\/\/mienart.de\/?page_id=10118\" \/>\n<meta property=\"og:site_name\" content=\"Katzenparadies-Hachmann\" \/>\n<meta property=\"article:publisher\" content=\"https:\/\/www.facebook.com\/mienart\" \/>\n<meta property=\"article:modified_time\" content=\"2026-04-09T09:09:56+00:00\" \/>\n<meta name=\"twitter:card\" content=\"summary_large_image\" \/>\n<script type=\"application\/ld+json\" class=\"yoast-schema-graph\">{\"@context\":\"https:\\\/\\\/schema.org\",\"@graph\":[{\"@type\":\"WebPage\",\"@id\":\"https:\\\/\\\/mienart.de\\\/?page_id=10118\",\"url\":\"https:\\\/\\\/mienart.de\\\/?page_id=10118\",\"name\":\"Preisliste &#8212; Katzenparadies-Hachmann %Pferdeportraits in \u00d6l\",\"isPartOf\":{\"@id\":\"https:\\\/\\\/mienart.de\\\/#website\"},\"datePublished\":\"2024-08-19T09:38:52+00:00\",\"dateModified\":\"2026-04-09T09:09:56+00:00\",\"description\":\"Portrait- und Tiermalerei direkt vom K\u00fcnstler Thomas Ketels, der als Mienart seit Jahren n\u00f6rdlich Hamburgs arbeitet.\",\"breadcrumb\":{\"@id\":\"https:\\\/\\\/mienart.de\\\/?page_id=10118#breadcrumb\"},\"inLanguage\":\"de\",\"potentialAction\":[{\"@type\":\"ReadAction\",\"target\":[\"https:\\\/\\\/mienart.de\\\/?page_id=10118\"]}]},{\"@type\":\"BreadcrumbList\",\"@id\":\"https:\\\/\\\/mienart.de\\\/?page_id=10118#breadcrumb\",\"itemListElement\":[{\"@type\":\"ListItem\",\"position\":1,\"name\":\"Startseite\",\"item\":\"https:\\\/\\\/mienart.de\\\/\"},{\"@type\":\"ListItem\",\"position\":2,\"name\":\"Preisliste\"}]},{\"@type\":\"WebSite\",\"@id\":\"https:\\\/\\\/mienart.de\\\/#website\",\"url\":\"https:\\\/\\\/mienart.de\\\/\",\"name\":\"Katzenparadies-Hachmann\",\"description\":\"Ihre Katzenpension n\u00f6rdlich Hamburgs\",\"publisher\":{\"@id\":\"https:\\\/\\\/mienart.de\\\/#\\\/schema\\\/person\\\/3f7657ccaa90d026faefaabf5aa0858d\"},\"potentialAction\":[{\"@type\":\"SearchAction\",\"target\":{\"@type\":\"EntryPoint\",\"urlTemplate\":\"https:\\\/\\\/mienart.de\\\/?s={search_term_string}\"},\"query-input\":{\"@type\":\"PropertyValueSpecification\",\"valueRequired\":true,\"valueName\":\"search_term_string\"}}],\"inLanguage\":\"de\"},{\"@type\":[\"Person\",\"Organization\"],\"@id\":\"https:\\\/\\\/mienart.de\\\/#\\\/schema\\\/person\\\/3f7657ccaa90d026faefaabf5aa0858d\",\"name\":\"ThomasKetels\",\"image\":{\"@type\":\"ImageObject\",\"inLanguage\":\"de\",\"@id\":\"https:\\\/\\\/mienart.de\\\/wp-content\\\/uploads\\\/2022\\\/06\\\/Mienart.jpg\",\"url\":\"https:\\\/\\\/mienart.de\\\/wp-content\\\/uploads\\\/2022\\\/06\\\/Mienart.jpg\",\"contentUrl\":\"https:\\\/\\\/mienart.de\\\/wp-content\\\/uploads\\\/2022\\\/06\\\/Mienart.jpg\",\"width\":650,\"height\":656,\"caption\":\"ThomasKetels\"},\"logo\":{\"@id\":\"https:\\\/\\\/mienart.de\\\/wp-content\\\/uploads\\\/2022\\\/06\\\/Mienart.jpg\"},\"sameAs\":[\"https:\\\/\\\/www.facebook.com\\\/mienart\",\"https:\\\/\\\/www.instagram.com\\\/ketels.thomas\\\/\"]}]}<\/script>\n<!-- \/ Yoast SEO plugin. -->","yoast_head_json":{"title":"Preisliste &#8212; Katzenparadies-Hachmann %Pferdeportraits in \u00d6l","description":"Portrait- und Tiermalerei direkt vom K\u00fcnstler Thomas Ketels, der als Mienart seit Jahren n\u00f6rdlich Hamburgs arbeitet.","robots":{"index":"noindex","follow":"follow","max-snippet":"max-snippet:-1","max-image-preview":"max-image-preview:large","max-video-preview":"max-video-preview:-1"},"og_locale":"de_DE","og_type":"article","og_title":"Preisliste &#8212; Katzenparadies-Hachmann %Pferdeportraits in \u00d6l","og_description":"Portrait- und Tiermalerei direkt vom K\u00fcnstler Thomas Ketels, der als Mienart seit Jahren n\u00f6rdlich Hamburgs arbeitet.","og_url":"https:\/\/mienart.de\/?page_id=10118","og_site_name":"Katzenparadies-Hachmann","article_publisher":"https:\/\/www.facebook.com\/mienart","article_modified_time":"2026-04-09T09:09:56+00:00","twitter_card":"summary_large_image","schema":{"@context":"https:\/\/schema.org","@graph":[{"@type":"WebPage","@id":"https:\/\/mienart.de\/?page_id=10118","url":"https:\/\/mienart.de\/?page_id=10118","name":"Preisliste &#8212; Katzenparadies-Hachmann %Pferdeportraits in \u00d6l","isPartOf":{"@id":"https:\/\/mienart.de\/#website"},"datePublished":"2024-08-19T09:38:52+00:00","dateModified":"2026-04-09T09:09:56+00:00","description":"Portrait- und Tiermalerei direkt vom K\u00fcnstler Thomas Ketels, der als Mienart seit Jahren n\u00f6rdlich Hamburgs arbeitet.","breadcrumb":{"@id":"https:\/\/mienart.de\/?page_id=10118#breadcrumb"},"inLanguage":"de","potentialAction":[{"@type":"ReadAction","target":["https:\/\/mienart.de\/?page_id=10118"]}]},{"@type":"BreadcrumbList","@id":"https:\/\/mienart.de\/?page_id=10118#breadcrumb","itemListElement":[{"@type":"ListItem","position":1,"name":"Startseite","item":"https:\/\/mienart.de\/"},{"@type":"ListItem","position":2,"name":"Preisliste"}]},{"@type":"WebSite","@id":"https:\/\/mienart.de\/#website","url":"https:\/\/mienart.de\/","name":"Katzenparadies-Hachmann","description":"Ihre Katzenpension n\u00f6rdlich Hamburgs","publisher":{"@id":"https:\/\/mienart.de\/#\/schema\/person\/3f7657ccaa90d026faefaabf5aa0858d"},"potentialAction":[{"@type":"SearchAction","target":{"@type":"EntryPoint","urlTemplate":"https:\/\/mienart.de\/?s={search_term_string}"},"query-input":{"@type":"PropertyValueSpecification","valueRequired":true,"valueName":"search_term_string"}}],"inLanguage":"de"},{"@type":["Person","Organization"],"@id":"https:\/\/mienart.de\/#\/schema\/person\/3f7657ccaa90d026faefaabf5aa0858d","name":"ThomasKetels","image":{"@type":"ImageObject","inLanguage":"de","@id":"https:\/\/mienart.de\/wp-content\/uploads\/2022\/06\/Mienart.jpg","url":"https:\/\/mienart.de\/wp-content\/uploads\/2022\/06\/Mienart.jpg","contentUrl":"https:\/\/mienart.de\/wp-content\/uploads\/2022\/06\/Mienart.jpg","width":650,"height":656,"caption":"ThomasKetels"},"logo":{"@id":"https:\/\/mienart.de\/wp-content\/uploads\/2022\/06\/Mienart.jpg"},"sameAs":["https:\/\/www.facebook.com\/mienart","https:\/\/www.instagram.com\/ketels.thomas\/"]}]}},"_links":{"self":[{"href":"https:\/\/mienart.de\/index.php?rest_route=\/wp\/v2\/pages\/10118","targetHints":{"allow":["GET"]}}],"collection":[{"href":"https:\/\/mienart.de\/index.php?rest_route=\/wp\/v2\/pages"}],"about":[{"href":"https:\/\/mienart.de\/index.php?rest_route=\/wp\/v2\/types\/page"}],"author":[{"embeddable":true,"href":"https:\/\/mienart.de\/index.php?rest_route=\/wp\/v2\/users\/1"}],"replies":[{"embeddable":true,"href":"https:\/\/mienart.de\/index.php?rest_route=%2Fwp%2Fv2%2Fcomments&post=10118"}],"version-history":[{"count":39,"href":"https:\/\/mienart.de\/index.php?rest_route=\/wp\/v2\/pages\/10118\/revisions"}],"predecessor-version":[{"id":14534,"href":"https:\/\/mienart.de\/index.php?rest_route=\/wp\/v2\/pages\/10118\/revisions\/14534"}],"wp:attachment":[{"href":"https:\/\/mienart.de\/index.php?rest_route=%2Fwp%2Fv2%2Fmedia&parent=10118"}],"curies":[{"name":"wp","href":"https:\/\/api.w.org\/{rel}","templated":true}]}}